{"id":48,"date":"2022-08-01T20:38:00","date_gmt":"2022-08-01T17:38:00","guid":{"rendered":"http:\/\/www.bilgrup.com\/en\/?page_id=48"},"modified":"2022-08-14T10:16:43","modified_gmt":"2022-08-14T07:16:43","slug":"bil-kem","status":"publish","type":"page","link":"https:\/\/www.bilgrup.com\/en\/our-affiliates\/bil-kem\/","title":{"rendered":"B\u0130L-KEM Kimya Mineral"},"content":{"rendered":"\n<p>Our company, which started its activities in Ankara in 2010, produces approximately 100 tons of feed additives, premixes, vitamins and minerals per month in its two production facilities.<\/p>\n\n\n\n<figure class=\"wp-block-image size-full is-resized\"><img loading=\"lazy\" src=\"https:\/\/www.bilgrup.com\/en\/wp-content\/uploads\/2022\/08\/bilkem.png\" alt=\"\" class=\"wp-image-81\" width=\"192\" height=\"113\" srcset=\"https:\/\/www.bilgrup.com\/en\/wp-content\/uploads\/2022\/08\/bilkem.png 768w, https:\/\/www.bilgrup.com\/en\/wp-content\/uploads\/2022\/08\/bilkem-300x176.png 300w\" sizes=\"(max-width: 192px) 100vw, 192px\" \/><\/figure>\n","protected":false},"excerpt":{"rendered":"<p>Our company, which started its activities in Ankara in 2010, produces approximately 100 tons of feed additives, premixes, vitamins and minerals per month in its two production facilities.<\/p>\n","protected":false},"author":1,"featured_media":0,"parent":30,"menu_order":0,"comment_status":"closed","ping_status":"closed","template":"","meta":[],"yoast_head":"<!-- This site is optimized with the Yoast SEO plugin v19.5.1 - https:\/\/yoast.com\/wordpress\/plugins\/seo\/ -->\n<title>B\u0130L-KEM Kimya Mineral - Bil-Grup<\/title>\n<meta name=\"robots\" content=\"index, follow, max-snippet:-1, max-image-preview:large, max-video-preview:-1\" \/>\n<link rel=\"canonical\" href=\"https:\/\/www.bilgrup.com\/en\/our-affiliates\/bil-kem\/\" \/>\n<meta property=\"og:locale\" content=\"en_US\" \/>\n<meta property=\"og:type\" content=\"article\" \/>\n<meta property=\"og:title\" content=\"B\u0130L-KEM Kimya Mineral - Bil-Grup\" \/>\n<meta property=\"og:description\" content=\"Our company, which started its activities in Ankara in 2010, produces approximately 100 tons of feed additives, premixes, vitamins and minerals per month in its two production facilities.\" \/>\n<meta property=\"og:url\" content=\"https:\/\/www.bilgrup.com\/en\/our-affiliates\/bil-kem\/\" \/>\n<meta property=\"og:site_name\" content=\"Bil-Grup\" \/>\n<meta property=\"article:modified_time\" content=\"2022-08-14T07:16:43+00:00\" \/>\n<meta property=\"og:image\" content=\"http:\/\/www.bilgrup.com\/en\/wp-content\/uploads\/2022\/08\/bilkem.png\" \/>\n<meta name=\"twitter:card\" content=\"summary_large_image\" \/>\n<script type=\"application\/ld+json\" class=\"yoast-schema-graph\">{\"@context\":\"https:\/\/schema.org\",\"@graph\":[{\"@type\":\"WebPage\",\"@id\":\"https:\/\/www.bilgrup.com\/en\/our-affiliates\/bil-kem\/\",\"url\":\"https:\/\/www.bilgrup.com\/en\/our-affiliates\/bil-kem\/\",\"name\":\"B\u0130L-KEM Kimya Mineral - Bil-Grup\",\"isPartOf\":{\"@id\":\"https:\/\/www.bilgrup.com\/en\/#website\"},\"datePublished\":\"2022-08-01T17:38:00+00:00\",\"dateModified\":\"2022-08-14T07:16:43+00:00\",\"breadcrumb\":{\"@id\":\"https:\/\/www.bilgrup.com\/en\/our-affiliates\/bil-kem\/#breadcrumb\"},\"inLanguage\":\"en-US\",\"potentialAction\":[{\"@type\":\"ReadAction\",\"target\":[\"https:\/\/www.bilgrup.com\/en\/our-affiliates\/bil-kem\/\"]}]},{\"@type\":\"BreadcrumbList\",\"@id\":\"https:\/\/www.bilgrup.com\/en\/our-affiliates\/bil-kem\/#breadcrumb\",\"itemListElement\":[{\"@type\":\"ListItem\",\"position\":1,\"name\":\"Ana Sayfa\",\"item\":\"https:\/\/www.bilgrup.com\/en\/\"},{\"@type\":\"ListItem\",\"position\":2,\"name\":\"Our Affiliates\",\"item\":\"https:\/\/www.bilgrup.com\/en\/our-affiliates\/\"},{\"@type\":\"ListItem\",\"position\":3,\"name\":\"B\u0130L-KEM Kimya Mineral\"}]},{\"@type\":\"WebSite\",\"@id\":\"https:\/\/www.bilgrup.com\/en\/#website\",\"url\":\"https:\/\/www.bilgrup.com\/en\/\",\"name\":\"Bil-Grup\",\"description\":\"T\u00fcrkiye&#039;nin En Taze Tavuk, Civciv, B\u00fcy\u00fckba\u015f Yem ve Yem Maddeleri; Kuru ve Konserve Kedi K\u00f6pek Mamas\u0131\",\"publisher\":{\"@id\":\"https:\/\/www.bilgrup.com\/en\/#organization\"},\"potentialAction\":[{\"@type\":\"SearchAction\",\"target\":{\"@type\":\"EntryPoint\",\"urlTemplate\":\"https:\/\/www.bilgrup.com\/en\/?s={search_term_string}\"},\"query-input\":\"required name=search_term_string\"}],\"inLanguage\":\"en-US\"},{\"@type\":\"Organization\",\"@id\":\"https:\/\/www.bilgrup.com\/en\/#organization\",\"name\":\"Bil-Grup\",\"url\":\"https:\/\/www.bilgrup.com\/en\/\",\"sameAs\":[],\"logo\":{\"@type\":\"ImageObject\",\"inLanguage\":\"en-US\",\"@id\":\"https:\/\/www.bilgrup.com\/en\/#\/schema\/logo\/image\/\",\"url\":\"http:\/\/www.bilgrup.com\/en\/wp-content\/uploads\/2022\/07\/logo.png\",\"contentUrl\":\"http:\/\/www.bilgrup.com\/en\/wp-content\/uploads\/2022\/07\/logo.png\",\"width\":576,\"height\":144,\"caption\":\"Bil-Grup\"},\"image\":{\"@id\":\"https:\/\/www.bilgrup.com\/en\/#\/schema\/logo\/image\/\"}}]}<\/script>\n<!-- \/ Yoast SEO plugin. -->","yoast_head_json":{"title":"B\u0130L-KEM Kimya Mineral - Bil-Grup","robots":{"index":"index","follow":"follow","max-snippet":"max-snippet:-1","max-image-preview":"max-image-preview:large","max-video-preview":"max-video-preview:-1"},"canonical":"https:\/\/www.bilgrup.com\/en\/our-affiliates\/bil-kem\/","og_locale":"en_US","og_type":"article","og_title":"B\u0130L-KEM Kimya Mineral - Bil-Grup","og_description":"Our company, which started its activities in Ankara in 2010, produces approximately 100 tons of feed additives, premixes, vitamins and minerals per month in its two production facilities.","og_url":"https:\/\/www.bilgrup.com\/en\/our-affiliates\/bil-kem\/","og_site_name":"Bil-Grup","article_modified_time":"2022-08-14T07:16:43+00:00","og_image":[{"url":"http:\/\/www.bilgrup.com\/en\/wp-content\/uploads\/2022\/08\/bilkem.png"}],"twitter_card":"summary_large_image","schema":{"@context":"https:\/\/schema.org","@graph":[{"@type":"WebPage","@id":"https:\/\/www.bilgrup.com\/en\/our-affiliates\/bil-kem\/","url":"https:\/\/www.bilgrup.com\/en\/our-affiliates\/bil-kem\/","name":"B\u0130L-KEM Kimya Mineral - Bil-Grup","isPartOf":{"@id":"https:\/\/www.bilgrup.com\/en\/#website"},"datePublished":"2022-08-01T17:38:00+00:00","dateModified":"2022-08-14T07:16:43+00:00","breadcrumb":{"@id":"https:\/\/www.bilgrup.com\/en\/our-affiliates\/bil-kem\/#breadcrumb"},"inLanguage":"en-US","potentialAction":[{"@type":"ReadAction","target":["https:\/\/www.bilgrup.com\/en\/our-affiliates\/bil-kem\/"]}]},{"@type":"BreadcrumbList","@id":"https:\/\/www.bilgrup.com\/en\/our-affiliates\/bil-kem\/#breadcrumb","itemListElement":[{"@type":"ListItem","position":1,"name":"Ana Sayfa","item":"https:\/\/www.bilgrup.com\/en\/"},{"@type":"ListItem","position":2,"name":"Our Affiliates","item":"https:\/\/www.bilgrup.com\/en\/our-affiliates\/"},{"@type":"ListItem","position":3,"name":"B\u0130L-KEM Kimya Mineral"}]},{"@type":"WebSite","@id":"https:\/\/www.bilgrup.com\/en\/#website","url":"https:\/\/www.bilgrup.com\/en\/","name":"Bil-Grup","description":"T\u00fcrkiye&#039;nin En Taze Tavuk, Civciv, B\u00fcy\u00fckba\u015f Yem ve Yem Maddeleri; Kuru ve Konserve Kedi K\u00f6pek Mamas\u0131","publisher":{"@id":"https:\/\/www.bilgrup.com\/en\/#organization"},"potentialAction":[{"@type":"SearchAction","target":{"@type":"EntryPoint","urlTemplate":"https:\/\/www.bilgrup.com\/en\/?s={search_term_string}"},"query-input":"required name=search_term_string"}],"inLanguage":"en-US"},{"@type":"Organization","@id":"https:\/\/www.bilgrup.com\/en\/#organization","name":"Bil-Grup","url":"https:\/\/www.bilgrup.com\/en\/","sameAs":[],"logo":{"@type":"ImageObject","inLanguage":"en-US","@id":"https:\/\/www.bilgrup.com\/en\/#\/schema\/logo\/image\/","url":"http:\/\/www.bilgrup.com\/en\/wp-content\/uploads\/2022\/07\/logo.png","contentUrl":"http:\/\/www.bilgrup.com\/en\/wp-content\/uploads\/2022\/07\/logo.png","width":576,"height":144,"caption":"Bil-Grup"},"image":{"@id":"https:\/\/www.bilgrup.com\/en\/#\/schema\/logo\/image\/"}}]}},"_links":{"self":[{"href":"https:\/\/www.bilgrup.com\/en\/wp-json\/wp\/v2\/pages\/48"}],"collection":[{"href":"https:\/\/www.bilgrup.com\/en\/wp-json\/wp\/v2\/pages"}],"about":[{"href":"https:\/\/www.bilgrup.com\/en\/wp-json\/wp\/v2\/types\/page"}],"author":[{"embeddable":true,"href":"https:\/\/www.bilgrup.com\/en\/wp-json\/wp\/v2\/users\/1"}],"replies":[{"embeddable":true,"href":"https:\/\/www.bilgrup.com\/en\/wp-json\/wp\/v2\/comments?post=48"}],"version-history":[{"count":3,"href":"https:\/\/www.bilgrup.com\/en\/wp-json\/wp\/v2\/pages\/48\/revisions"}],"predecessor-version":[{"id":110,"href":"https:\/\/www.bilgrup.com\/en\/wp-json\/wp\/v2\/pages\/48\/revisions\/110"}],"up":[{"embeddable":true,"href":"https:\/\/www.bilgrup.com\/en\/wp-json\/wp\/v2\/pages\/30"}],"wp:attachment":[{"href":"https:\/\/www.bilgrup.com\/en\/wp-json\/wp\/v2\/media?parent=48"}],"curies":[{"name":"wp","href":"https:\/\/api.w.org\/{rel}","templated":true}]}}