{"id":44,"date":"2022-08-01T20:36:55","date_gmt":"2022-08-01T17:36:55","guid":{"rendered":"http:\/\/www.bilgrup.com\/en\/?page_id=44"},"modified":"2022-08-14T10:15:22","modified_gmt":"2022-08-14T07:15:22","slug":"bil-pa","status":"publish","type":"page","link":"https:\/\/www.bilgrup.com\/en\/our-affiliates\/bil-pa\/","title":{"rendered":"B\u0130L-PA A.\u015e."},"content":{"rendered":"\n<p>Our company, which was established in Ankara in 1995, was established to sell the chickens produced by Bil-Yem. In the following years, by taking the Ankara dealership of Beypili\u00e7 A.\u015e, it sells 1000 tons of chicken and chicken products per month with 50 vehicles and 85 employees in Ankara and its surroundings. At the same time, 90 tons of turkeys are sold monthly through P\u0131nar Hindi dealership. Working with Burdan Egg and Beypili\u00e7 Egg in the egg dealership, Bil-Pa continues to add new products to its portfolio.<\/p>\n\n\n\n<figure class=\"wp-block-image size-full is-resized\"><img loading=\"lazy\" src=\"https:\/\/www.bilgrup.com\/en\/wp-content\/uploads\/2022\/08\/bilpa.png\" alt=\"\" class=\"wp-image-77\" width=\"192\" height=\"113\" srcset=\"https:\/\/www.bilgrup.com\/en\/wp-content\/uploads\/2022\/08\/bilpa.png 768w, https:\/\/www.bilgrup.com\/en\/wp-content\/uploads\/2022\/08\/bilpa-300x176.png 300w\" sizes=\"(max-width: 192px) 100vw, 192px\" \/><\/figure>\n\n\n\n<div class=\"wp-container-1 wp-block-buttons\">\n<div class=\"wp-block-button\"><a class=\"wp-block-button__link\" href=\"http:\/\/www.bilpagida.com.tr\/\" target=\"_blank\" rel=\"noreferrer noopener\">Siteye Git<\/a><\/div>\n<\/div>\n","protected":false},"excerpt":{"rendered":"<p>Our company, which was established in Ankara in 1995, was established to sell the chickens produced by Bil-Yem. In the following years, by taking the Ankara dealership of Beypili\u00e7 A.\u015e, it sells 1000 tons of chicken and chicken products per month with 50 vehicles and 85 employees in Ankara and its surroundings. At the same [&hellip;]<\/p>\n","protected":false},"author":1,"featured_media":0,"parent":30,"menu_order":0,"comment_status":"closed","ping_status":"closed","template":"","meta":[],"yoast_head":"<!-- This site is optimized with the Yoast SEO plugin v19.5.1 - https:\/\/yoast.com\/wordpress\/plugins\/seo\/ -->\n<title>B\u0130L-PA A.\u015e. - Bil-Grup<\/title>\n<meta name=\"robots\" content=\"index, follow, max-snippet:-1, max-image-preview:large, max-video-preview:-1\" \/>\n<link rel=\"canonical\" href=\"https:\/\/www.bilgrup.com\/en\/our-affiliates\/bil-pa\/\" \/>\n<meta property=\"og:locale\" content=\"en_US\" \/>\n<meta property=\"og:type\" content=\"article\" \/>\n<meta property=\"og:title\" content=\"B\u0130L-PA A.\u015e. - Bil-Grup\" \/>\n<meta property=\"og:description\" content=\"Our company, which was established in Ankara in 1995, was established to sell the chickens produced by Bil-Yem. In the following years, by taking the Ankara dealership of Beypili\u00e7 A.\u015e, it sells 1000 tons of chicken and chicken products per month with 50 vehicles and 85 employees in Ankara and its surroundings. At the same [&hellip;]\" \/>\n<meta property=\"og:url\" content=\"https:\/\/www.bilgrup.com\/en\/our-affiliates\/bil-pa\/\" \/>\n<meta property=\"og:site_name\" content=\"Bil-Grup\" \/>\n<meta property=\"article:modified_time\" content=\"2022-08-14T07:15:22+00:00\" \/>\n<meta property=\"og:image\" content=\"http:\/\/www.bilgrup.com\/en\/wp-content\/uploads\/2022\/08\/bilpa.png\" \/>\n<meta name=\"twitter:card\" content=\"summary_large_image\" \/>\n<script type=\"application\/ld+json\" class=\"yoast-schema-graph\">{\"@context\":\"https:\/\/schema.org\",\"@graph\":[{\"@type\":\"WebPage\",\"@id\":\"https:\/\/www.bilgrup.com\/en\/our-affiliates\/bil-pa\/\",\"url\":\"https:\/\/www.bilgrup.com\/en\/our-affiliates\/bil-pa\/\",\"name\":\"B\u0130L-PA A.\u015e. - Bil-Grup\",\"isPartOf\":{\"@id\":\"https:\/\/www.bilgrup.com\/en\/#website\"},\"datePublished\":\"2022-08-01T17:36:55+00:00\",\"dateModified\":\"2022-08-14T07:15:22+00:00\",\"breadcrumb\":{\"@id\":\"https:\/\/www.bilgrup.com\/en\/our-affiliates\/bil-pa\/#breadcrumb\"},\"inLanguage\":\"en-US\",\"potentialAction\":[{\"@type\":\"ReadAction\",\"target\":[\"https:\/\/www.bilgrup.com\/en\/our-affiliates\/bil-pa\/\"]}]},{\"@type\":\"BreadcrumbList\",\"@id\":\"https:\/\/www.bilgrup.com\/en\/our-affiliates\/bil-pa\/#breadcrumb\",\"itemListElement\":[{\"@type\":\"ListItem\",\"position\":1,\"name\":\"Ana Sayfa\",\"item\":\"https:\/\/www.bilgrup.com\/en\/\"},{\"@type\":\"ListItem\",\"position\":2,\"name\":\"Our Affiliates\",\"item\":\"https:\/\/www.bilgrup.com\/en\/our-affiliates\/\"},{\"@type\":\"ListItem\",\"position\":3,\"name\":\"B\u0130L-PA A.\u015e.\"}]},{\"@type\":\"WebSite\",\"@id\":\"https:\/\/www.bilgrup.com\/en\/#website\",\"url\":\"https:\/\/www.bilgrup.com\/en\/\",\"name\":\"Bil-Grup\",\"description\":\"T\u00fcrkiye&#039;nin En Taze Tavuk, Civciv, B\u00fcy\u00fckba\u015f Yem ve Yem Maddeleri; Kuru ve Konserve Kedi K\u00f6pek Mamas\u0131\",\"publisher\":{\"@id\":\"https:\/\/www.bilgrup.com\/en\/#organization\"},\"potentialAction\":[{\"@type\":\"SearchAction\",\"target\":{\"@type\":\"EntryPoint\",\"urlTemplate\":\"https:\/\/www.bilgrup.com\/en\/?s={search_term_string}\"},\"query-input\":\"required name=search_term_string\"}],\"inLanguage\":\"en-US\"},{\"@type\":\"Organization\",\"@id\":\"https:\/\/www.bilgrup.com\/en\/#organization\",\"name\":\"Bil-Grup\",\"url\":\"https:\/\/www.bilgrup.com\/en\/\",\"sameAs\":[],\"logo\":{\"@type\":\"ImageObject\",\"inLanguage\":\"en-US\",\"@id\":\"https:\/\/www.bilgrup.com\/en\/#\/schema\/logo\/image\/\",\"url\":\"http:\/\/www.bilgrup.com\/en\/wp-content\/uploads\/2022\/07\/logo.png\",\"contentUrl\":\"http:\/\/www.bilgrup.com\/en\/wp-content\/uploads\/2022\/07\/logo.png\",\"width\":576,\"height\":144,\"caption\":\"Bil-Grup\"},\"image\":{\"@id\":\"https:\/\/www.bilgrup.com\/en\/#\/schema\/logo\/image\/\"}}]}<\/script>\n<!-- \/ Yoast SEO plugin. -->","yoast_head_json":{"title":"B\u0130L-PA A.\u015e. - Bil-Grup","robots":{"index":"index","follow":"follow","max-snippet":"max-snippet:-1","max-image-preview":"max-image-preview:large","max-video-preview":"max-video-preview:-1"},"canonical":"https:\/\/www.bilgrup.com\/en\/our-affiliates\/bil-pa\/","og_locale":"en_US","og_type":"article","og_title":"B\u0130L-PA A.\u015e. - Bil-Grup","og_description":"Our company, which was established in Ankara in 1995, was established to sell the chickens produced by Bil-Yem. In the following years, by taking the Ankara dealership of Beypili\u00e7 A.\u015e, it sells 1000 tons of chicken and chicken products per month with 50 vehicles and 85 employees in Ankara and its surroundings. At the same [&hellip;]","og_url":"https:\/\/www.bilgrup.com\/en\/our-affiliates\/bil-pa\/","og_site_name":"Bil-Grup","article_modified_time":"2022-08-14T07:15:22+00:00","og_image":[{"url":"http:\/\/www.bilgrup.com\/en\/wp-content\/uploads\/2022\/08\/bilpa.png"}],"twitter_card":"summary_large_image","schema":{"@context":"https:\/\/schema.org","@graph":[{"@type":"WebPage","@id":"https:\/\/www.bilgrup.com\/en\/our-affiliates\/bil-pa\/","url":"https:\/\/www.bilgrup.com\/en\/our-affiliates\/bil-pa\/","name":"B\u0130L-PA A.\u015e. - Bil-Grup","isPartOf":{"@id":"https:\/\/www.bilgrup.com\/en\/#website"},"datePublished":"2022-08-01T17:36:55+00:00","dateModified":"2022-08-14T07:15:22+00:00","breadcrumb":{"@id":"https:\/\/www.bilgrup.com\/en\/our-affiliates\/bil-pa\/#breadcrumb"},"inLanguage":"en-US","potentialAction":[{"@type":"ReadAction","target":["https:\/\/www.bilgrup.com\/en\/our-affiliates\/bil-pa\/"]}]},{"@type":"BreadcrumbList","@id":"https:\/\/www.bilgrup.com\/en\/our-affiliates\/bil-pa\/#breadcrumb","itemListElement":[{"@type":"ListItem","position":1,"name":"Ana Sayfa","item":"https:\/\/www.bilgrup.com\/en\/"},{"@type":"ListItem","position":2,"name":"Our Affiliates","item":"https:\/\/www.bilgrup.com\/en\/our-affiliates\/"},{"@type":"ListItem","position":3,"name":"B\u0130L-PA A.\u015e."}]},{"@type":"WebSite","@id":"https:\/\/www.bilgrup.com\/en\/#website","url":"https:\/\/www.bilgrup.com\/en\/","name":"Bil-Grup","description":"T\u00fcrkiye&#039;nin En Taze Tavuk, Civciv, B\u00fcy\u00fckba\u015f Yem ve Yem Maddeleri; Kuru ve Konserve Kedi K\u00f6pek Mamas\u0131","publisher":{"@id":"https:\/\/www.bilgrup.com\/en\/#organization"},"potentialAction":[{"@type":"SearchAction","target":{"@type":"EntryPoint","urlTemplate":"https:\/\/www.bilgrup.com\/en\/?s={search_term_string}"},"query-input":"required name=search_term_string"}],"inLanguage":"en-US"},{"@type":"Organization","@id":"https:\/\/www.bilgrup.com\/en\/#organization","name":"Bil-Grup","url":"https:\/\/www.bilgrup.com\/en\/","sameAs":[],"logo":{"@type":"ImageObject","inLanguage":"en-US","@id":"https:\/\/www.bilgrup.com\/en\/#\/schema\/logo\/image\/","url":"http:\/\/www.bilgrup.com\/en\/wp-content\/uploads\/2022\/07\/logo.png","contentUrl":"http:\/\/www.bilgrup.com\/en\/wp-content\/uploads\/2022\/07\/logo.png","width":576,"height":144,"caption":"Bil-Grup"},"image":{"@id":"https:\/\/www.bilgrup.com\/en\/#\/schema\/logo\/image\/"}}]}},"_links":{"self":[{"href":"https:\/\/www.bilgrup.com\/en\/wp-json\/wp\/v2\/pages\/44"}],"collection":[{"href":"https:\/\/www.bilgrup.com\/en\/wp-json\/wp\/v2\/pages"}],"about":[{"href":"https:\/\/www.bilgrup.com\/en\/wp-json\/wp\/v2\/types\/page"}],"author":[{"embeddable":true,"href":"https:\/\/www.bilgrup.com\/en\/wp-json\/wp\/v2\/users\/1"}],"replies":[{"embeddable":true,"href":"https:\/\/www.bilgrup.com\/en\/wp-json\/wp\/v2\/comments?post=44"}],"version-history":[{"count":6,"href":"https:\/\/www.bilgrup.com\/en\/wp-json\/wp\/v2\/pages\/44\/revisions"}],"predecessor-version":[{"id":108,"href":"https:\/\/www.bilgrup.com\/en\/wp-json\/wp\/v2\/pages\/44\/revisions\/108"}],"up":[{"embeddable":true,"href":"https:\/\/www.bilgrup.com\/en\/wp-json\/wp\/v2\/pages\/30"}],"wp:attachment":[{"href":"https:\/\/www.bilgrup.com\/en\/wp-json\/wp\/v2\/media?parent=44"}],"curies":[{"name":"wp","href":"https:\/\/api.w.org\/{rel}","templated":true}]}}