{"id":42,"date":"2022-08-01T20:36:25","date_gmt":"2022-08-01T17:36:25","guid":{"rendered":"http:\/\/www.bilgrup.com\/en\/?page_id=42"},"modified":"2022-08-14T10:14:46","modified_gmt":"2022-08-14T07:14:46","slug":"bil-mama","status":"publish","type":"page","link":"https:\/\/www.bilgrup.com\/en\/our-affiliates\/bil-mama\/","title":{"rendered":"B\u0130L-MAMA"},"content":{"rendered":"\n<p>Our company, which was established in 2002 to sell the cat-dog food produced by Bil-Yem, continues its activities within the body of Bil-Yem. It has given dealerships all over Turkey with 12 brands that it produces and distributes, and has exported to more than 15 countries as of 2022. With more than 350 products in its product portfolio, Bil-Mama has become one of the fastest growing companies in its field.<\/p>\n\n\n\n<figure class=\"wp-block-image size-full is-resized\"><img loading=\"lazy\" src=\"https:\/\/www.bilgrup.com\/en\/wp-content\/uploads\/2022\/08\/bilmama.png\" alt=\"\" class=\"wp-image-75\" width=\"188\" height=\"77\"\/><\/figure>\n\n\n\n<div class=\"wp-container-1 wp-block-buttons\">\n<div class=\"wp-block-button is-style-fill\"><a class=\"wp-block-button__link has-white-color has-vivid-red-background-color has-text-color has-background\" href=\"http:\/\/www.bilmama.com\/\" target=\"_blank\" rel=\"noreferrer noopener\">Siteye Git<\/a><\/div>\n<\/div>\n","protected":false},"excerpt":{"rendered":"<p>Our company, which was established in 2002 to sell the cat-dog food produced by Bil-Yem, continues its activities within the body of Bil-Yem. It has given dealerships all over Turkey with 12 brands that it produces and distributes, and has exported to more than 15 countries as of 2022. With more than 350 products in [&hellip;]<\/p>\n","protected":false},"author":1,"featured_media":0,"parent":30,"menu_order":0,"comment_status":"closed","ping_status":"closed","template":"","meta":[],"yoast_head":"<!-- This site is optimized with the Yoast SEO plugin v19.5.1 - https:\/\/yoast.com\/wordpress\/plugins\/seo\/ -->\n<title>B\u0130L-MAMA - Bil-Grup<\/title>\n<meta name=\"robots\" content=\"index, follow, max-snippet:-1, max-image-preview:large, max-video-preview:-1\" \/>\n<link rel=\"canonical\" href=\"https:\/\/www.bilgrup.com\/en\/our-affiliates\/bil-mama\/\" \/>\n<meta property=\"og:locale\" content=\"en_US\" \/>\n<meta property=\"og:type\" content=\"article\" \/>\n<meta property=\"og:title\" content=\"B\u0130L-MAMA - Bil-Grup\" \/>\n<meta property=\"og:description\" content=\"Our company, which was established in 2002 to sell the cat-dog food produced by Bil-Yem, continues its activities within the body of Bil-Yem. It has given dealerships all over Turkey with 12 brands that it produces and distributes, and has exported to more than 15 countries as of 2022. With more than 350 products in [&hellip;]\" \/>\n<meta property=\"og:url\" content=\"https:\/\/www.bilgrup.com\/en\/our-affiliates\/bil-mama\/\" \/>\n<meta property=\"og:site_name\" content=\"Bil-Grup\" \/>\n<meta property=\"article:modified_time\" content=\"2022-08-14T07:14:46+00:00\" \/>\n<meta property=\"og:image\" content=\"http:\/\/www.bilgrup.com\/en\/wp-content\/uploads\/2022\/08\/bilmama.png\" \/>\n<meta name=\"twitter:card\" content=\"summary_large_image\" \/>\n<script type=\"application\/ld+json\" class=\"yoast-schema-graph\">{\"@context\":\"https:\/\/schema.org\",\"@graph\":[{\"@type\":\"WebPage\",\"@id\":\"https:\/\/www.bilgrup.com\/en\/our-affiliates\/bil-mama\/\",\"url\":\"https:\/\/www.bilgrup.com\/en\/our-affiliates\/bil-mama\/\",\"name\":\"B\u0130L-MAMA - Bil-Grup\",\"isPartOf\":{\"@id\":\"https:\/\/www.bilgrup.com\/en\/#website\"},\"datePublished\":\"2022-08-01T17:36:25+00:00\",\"dateModified\":\"2022-08-14T07:14:46+00:00\",\"breadcrumb\":{\"@id\":\"https:\/\/www.bilgrup.com\/en\/our-affiliates\/bil-mama\/#breadcrumb\"},\"inLanguage\":\"en-US\",\"potentialAction\":[{\"@type\":\"ReadAction\",\"target\":[\"https:\/\/www.bilgrup.com\/en\/our-affiliates\/bil-mama\/\"]}]},{\"@type\":\"BreadcrumbList\",\"@id\":\"https:\/\/www.bilgrup.com\/en\/our-affiliates\/bil-mama\/#breadcrumb\",\"itemListElement\":[{\"@type\":\"ListItem\",\"position\":1,\"name\":\"Ana Sayfa\",\"item\":\"https:\/\/www.bilgrup.com\/en\/\"},{\"@type\":\"ListItem\",\"position\":2,\"name\":\"Our Affiliates\",\"item\":\"https:\/\/www.bilgrup.com\/en\/our-affiliates\/\"},{\"@type\":\"ListItem\",\"position\":3,\"name\":\"B\u0130L-MAMA\"}]},{\"@type\":\"WebSite\",\"@id\":\"https:\/\/www.bilgrup.com\/en\/#website\",\"url\":\"https:\/\/www.bilgrup.com\/en\/\",\"name\":\"Bil-Grup\",\"description\":\"T\u00fcrkiye&#039;nin En Taze Tavuk, Civciv, B\u00fcy\u00fckba\u015f Yem ve Yem Maddeleri; Kuru ve Konserve Kedi K\u00f6pek Mamas\u0131\",\"publisher\":{\"@id\":\"https:\/\/www.bilgrup.com\/en\/#organization\"},\"potentialAction\":[{\"@type\":\"SearchAction\",\"target\":{\"@type\":\"EntryPoint\",\"urlTemplate\":\"https:\/\/www.bilgrup.com\/en\/?s={search_term_string}\"},\"query-input\":\"required name=search_term_string\"}],\"inLanguage\":\"en-US\"},{\"@type\":\"Organization\",\"@id\":\"https:\/\/www.bilgrup.com\/en\/#organization\",\"name\":\"Bil-Grup\",\"url\":\"https:\/\/www.bilgrup.com\/en\/\",\"sameAs\":[],\"logo\":{\"@type\":\"ImageObject\",\"inLanguage\":\"en-US\",\"@id\":\"https:\/\/www.bilgrup.com\/en\/#\/schema\/logo\/image\/\",\"url\":\"http:\/\/www.bilgrup.com\/en\/wp-content\/uploads\/2022\/07\/logo.png\",\"contentUrl\":\"http:\/\/www.bilgrup.com\/en\/wp-content\/uploads\/2022\/07\/logo.png\",\"width\":576,\"height\":144,\"caption\":\"Bil-Grup\"},\"image\":{\"@id\":\"https:\/\/www.bilgrup.com\/en\/#\/schema\/logo\/image\/\"}}]}<\/script>\n<!-- \/ Yoast SEO plugin. -->","yoast_head_json":{"title":"B\u0130L-MAMA - Bil-Grup","robots":{"index":"index","follow":"follow","max-snippet":"max-snippet:-1","max-image-preview":"max-image-preview:large","max-video-preview":"max-video-preview:-1"},"canonical":"https:\/\/www.bilgrup.com\/en\/our-affiliates\/bil-mama\/","og_locale":"en_US","og_type":"article","og_title":"B\u0130L-MAMA - Bil-Grup","og_description":"Our company, which was established in 2002 to sell the cat-dog food produced by Bil-Yem, continues its activities within the body of Bil-Yem. It has given dealerships all over Turkey with 12 brands that it produces and distributes, and has exported to more than 15 countries as of 2022. With more than 350 products in [&hellip;]","og_url":"https:\/\/www.bilgrup.com\/en\/our-affiliates\/bil-mama\/","og_site_name":"Bil-Grup","article_modified_time":"2022-08-14T07:14:46+00:00","og_image":[{"url":"http:\/\/www.bilgrup.com\/en\/wp-content\/uploads\/2022\/08\/bilmama.png"}],"twitter_card":"summary_large_image","schema":{"@context":"https:\/\/schema.org","@graph":[{"@type":"WebPage","@id":"https:\/\/www.bilgrup.com\/en\/our-affiliates\/bil-mama\/","url":"https:\/\/www.bilgrup.com\/en\/our-affiliates\/bil-mama\/","name":"B\u0130L-MAMA - Bil-Grup","isPartOf":{"@id":"https:\/\/www.bilgrup.com\/en\/#website"},"datePublished":"2022-08-01T17:36:25+00:00","dateModified":"2022-08-14T07:14:46+00:00","breadcrumb":{"@id":"https:\/\/www.bilgrup.com\/en\/our-affiliates\/bil-mama\/#breadcrumb"},"inLanguage":"en-US","potentialAction":[{"@type":"ReadAction","target":["https:\/\/www.bilgrup.com\/en\/our-affiliates\/bil-mama\/"]}]},{"@type":"BreadcrumbList","@id":"https:\/\/www.bilgrup.com\/en\/our-affiliates\/bil-mama\/#breadcrumb","itemListElement":[{"@type":"ListItem","position":1,"name":"Ana Sayfa","item":"https:\/\/www.bilgrup.com\/en\/"},{"@type":"ListItem","position":2,"name":"Our Affiliates","item":"https:\/\/www.bilgrup.com\/en\/our-affiliates\/"},{"@type":"ListItem","position":3,"name":"B\u0130L-MAMA"}]},{"@type":"WebSite","@id":"https:\/\/www.bilgrup.com\/en\/#website","url":"https:\/\/www.bilgrup.com\/en\/","name":"Bil-Grup","description":"T\u00fcrkiye&#039;nin En Taze Tavuk, Civciv, B\u00fcy\u00fckba\u015f Yem ve Yem Maddeleri; Kuru ve Konserve Kedi K\u00f6pek Mamas\u0131","publisher":{"@id":"https:\/\/www.bilgrup.com\/en\/#organization"},"potentialAction":[{"@type":"SearchAction","target":{"@type":"EntryPoint","urlTemplate":"https:\/\/www.bilgrup.com\/en\/?s={search_term_string}"},"query-input":"required name=search_term_string"}],"inLanguage":"en-US"},{"@type":"Organization","@id":"https:\/\/www.bilgrup.com\/en\/#organization","name":"Bil-Grup","url":"https:\/\/www.bilgrup.com\/en\/","sameAs":[],"logo":{"@type":"ImageObject","inLanguage":"en-US","@id":"https:\/\/www.bilgrup.com\/en\/#\/schema\/logo\/image\/","url":"http:\/\/www.bilgrup.com\/en\/wp-content\/uploads\/2022\/07\/logo.png","contentUrl":"http:\/\/www.bilgrup.com\/en\/wp-content\/uploads\/2022\/07\/logo.png","width":576,"height":144,"caption":"Bil-Grup"},"image":{"@id":"https:\/\/www.bilgrup.com\/en\/#\/schema\/logo\/image\/"}}]}},"_links":{"self":[{"href":"https:\/\/www.bilgrup.com\/en\/wp-json\/wp\/v2\/pages\/42"}],"collection":[{"href":"https:\/\/www.bilgrup.com\/en\/wp-json\/wp\/v2\/pages"}],"about":[{"href":"https:\/\/www.bilgrup.com\/en\/wp-json\/wp\/v2\/types\/page"}],"author":[{"embeddable":true,"href":"https:\/\/www.bilgrup.com\/en\/wp-json\/wp\/v2\/users\/1"}],"replies":[{"embeddable":true,"href":"https:\/\/www.bilgrup.com\/en\/wp-json\/wp\/v2\/comments?post=42"}],"version-history":[{"count":7,"href":"https:\/\/www.bilgrup.com\/en\/wp-json\/wp\/v2\/pages\/42\/revisions"}],"predecessor-version":[{"id":107,"href":"https:\/\/www.bilgrup.com\/en\/wp-json\/wp\/v2\/pages\/42\/revisions\/107"}],"up":[{"embeddable":true,"href":"https:\/\/www.bilgrup.com\/en\/wp-json\/wp\/v2\/pages\/30"}],"wp:attachment":[{"href":"https:\/\/www.bilgrup.com\/en\/wp-json\/wp\/v2\/media?parent=42"}],"curies":[{"name":"wp","href":"https:\/\/api.w.org\/{rel}","templated":true}]}}