{"id":40,"date":"2022-08-01T20:35:54","date_gmt":"2022-08-01T17:35:54","guid":{"rendered":"http:\/\/www.bilgrup.com\/en\/?page_id=40"},"modified":"2022-08-14T10:14:19","modified_gmt":"2022-08-14T07:14:19","slug":"bil-yem","status":"publish","type":"page","link":"https:\/\/www.bilgrup.com\/en\/our-affiliates\/bil-yem\/","title":{"rendered":"B\u0130L-YEM G\u0131da Sanayi"},"content":{"rendered":"\n<p>Our factory, which was established in Ankara in 1993, produces poultry feed, cattle and ovine feeds, concentrated feeds for egg and broiler chickens, experimental animal feeds, cat and dog food. Our company, which carries out R&amp;D studies in cooperation with universities in its production, produced dog food for the first time in Turkey in 2002. With the new machinery and equipment investment, in addition to dog food, cat food is also produced. With our expert staff (includes vets and agricultural engineers), we meet the feed needs of research hospitals and recognized laboratories in Turkey with the feed of experimental animals, as well as the breeding of poultry (700,000 broiler chickens in Ankara and its surroundings).<\/p>\n\n\n\n<figure class=\"wp-block-image size-full is-resized\"><img loading=\"lazy\" src=\"https:\/\/www.bilgrup.com\/en\/wp-content\/uploads\/2022\/08\/bilyem.png\" alt=\"\" class=\"wp-image-71\" width=\"192\" height=\"113\" srcset=\"https:\/\/www.bilgrup.com\/en\/wp-content\/uploads\/2022\/08\/bilyem.png 768w, https:\/\/www.bilgrup.com\/en\/wp-content\/uploads\/2022\/08\/bilyem-300x176.png 300w\" sizes=\"(max-width: 192px) 100vw, 192px\" \/><\/figure>\n","protected":false},"excerpt":{"rendered":"<p>Our factory, which was established in Ankara in 1993, produces poultry feed, cattle and ovine feeds, concentrated feeds for egg and broiler chickens, experimental animal feeds, cat and dog food. Our company, which carries out R&amp;D studies in cooperation with universities in its production, produced dog food for the first time in Turkey in 2002. [&hellip;]<\/p>\n","protected":false},"author":1,"featured_media":0,"parent":30,"menu_order":0,"comment_status":"closed","ping_status":"closed","template":"","meta":[],"yoast_head":"<!-- This site is optimized with the Yoast SEO plugin v19.5.1 - https:\/\/yoast.com\/wordpress\/plugins\/seo\/ -->\n<title>B\u0130L-YEM G\u0131da Sanayi - Bil-Grup<\/title>\n<meta name=\"robots\" content=\"index, follow, max-snippet:-1, max-image-preview:large, max-video-preview:-1\" \/>\n<link rel=\"canonical\" href=\"https:\/\/www.bilgrup.com\/en\/our-affiliates\/bil-yem\/\" \/>\n<meta property=\"og:locale\" content=\"en_US\" \/>\n<meta property=\"og:type\" content=\"article\" \/>\n<meta property=\"og:title\" content=\"B\u0130L-YEM G\u0131da Sanayi - Bil-Grup\" \/>\n<meta property=\"og:description\" content=\"Our factory, which was established in Ankara in 1993, produces poultry feed, cattle and ovine feeds, concentrated feeds for egg and broiler chickens, experimental animal feeds, cat and dog food. Our company, which carries out R&amp;D studies in cooperation with universities in its production, produced dog food for the first time in Turkey in 2002. [&hellip;]\" \/>\n<meta property=\"og:url\" content=\"https:\/\/www.bilgrup.com\/en\/our-affiliates\/bil-yem\/\" \/>\n<meta property=\"og:site_name\" content=\"Bil-Grup\" \/>\n<meta property=\"article:modified_time\" content=\"2022-08-14T07:14:19+00:00\" \/>\n<meta property=\"og:image\" content=\"http:\/\/www.bilgrup.com\/en\/wp-content\/uploads\/2022\/08\/bilyem.png\" \/>\n<meta name=\"twitter:card\" content=\"summary_large_image\" \/>\n<script type=\"application\/ld+json\" class=\"yoast-schema-graph\">{\"@context\":\"https:\/\/schema.org\",\"@graph\":[{\"@type\":\"WebPage\",\"@id\":\"https:\/\/www.bilgrup.com\/en\/our-affiliates\/bil-yem\/\",\"url\":\"https:\/\/www.bilgrup.com\/en\/our-affiliates\/bil-yem\/\",\"name\":\"B\u0130L-YEM G\u0131da Sanayi - Bil-Grup\",\"isPartOf\":{\"@id\":\"https:\/\/www.bilgrup.com\/en\/#website\"},\"datePublished\":\"2022-08-01T17:35:54+00:00\",\"dateModified\":\"2022-08-14T07:14:19+00:00\",\"breadcrumb\":{\"@id\":\"https:\/\/www.bilgrup.com\/en\/our-affiliates\/bil-yem\/#breadcrumb\"},\"inLanguage\":\"en-US\",\"potentialAction\":[{\"@type\":\"ReadAction\",\"target\":[\"https:\/\/www.bilgrup.com\/en\/our-affiliates\/bil-yem\/\"]}]},{\"@type\":\"BreadcrumbList\",\"@id\":\"https:\/\/www.bilgrup.com\/en\/our-affiliates\/bil-yem\/#breadcrumb\",\"itemListElement\":[{\"@type\":\"ListItem\",\"position\":1,\"name\":\"Ana Sayfa\",\"item\":\"https:\/\/www.bilgrup.com\/en\/\"},{\"@type\":\"ListItem\",\"position\":2,\"name\":\"Our Affiliates\",\"item\":\"https:\/\/www.bilgrup.com\/en\/our-affiliates\/\"},{\"@type\":\"ListItem\",\"position\":3,\"name\":\"B\u0130L-YEM G\u0131da Sanayi\"}]},{\"@type\":\"WebSite\",\"@id\":\"https:\/\/www.bilgrup.com\/en\/#website\",\"url\":\"https:\/\/www.bilgrup.com\/en\/\",\"name\":\"Bil-Grup\",\"description\":\"T\u00fcrkiye&#039;nin En Taze Tavuk, Civciv, B\u00fcy\u00fckba\u015f Yem ve Yem Maddeleri; Kuru ve Konserve Kedi K\u00f6pek Mamas\u0131\",\"publisher\":{\"@id\":\"https:\/\/www.bilgrup.com\/en\/#organization\"},\"potentialAction\":[{\"@type\":\"SearchAction\",\"target\":{\"@type\":\"EntryPoint\",\"urlTemplate\":\"https:\/\/www.bilgrup.com\/en\/?s={search_term_string}\"},\"query-input\":\"required name=search_term_string\"}],\"inLanguage\":\"en-US\"},{\"@type\":\"Organization\",\"@id\":\"https:\/\/www.bilgrup.com\/en\/#organization\",\"name\":\"Bil-Grup\",\"url\":\"https:\/\/www.bilgrup.com\/en\/\",\"sameAs\":[],\"logo\":{\"@type\":\"ImageObject\",\"inLanguage\":\"en-US\",\"@id\":\"https:\/\/www.bilgrup.com\/en\/#\/schema\/logo\/image\/\",\"url\":\"http:\/\/www.bilgrup.com\/en\/wp-content\/uploads\/2022\/07\/logo.png\",\"contentUrl\":\"http:\/\/www.bilgrup.com\/en\/wp-content\/uploads\/2022\/07\/logo.png\",\"width\":576,\"height\":144,\"caption\":\"Bil-Grup\"},\"image\":{\"@id\":\"https:\/\/www.bilgrup.com\/en\/#\/schema\/logo\/image\/\"}}]}<\/script>\n<!-- \/ Yoast SEO plugin. -->","yoast_head_json":{"title":"B\u0130L-YEM G\u0131da Sanayi - Bil-Grup","robots":{"index":"index","follow":"follow","max-snippet":"max-snippet:-1","max-image-preview":"max-image-preview:large","max-video-preview":"max-video-preview:-1"},"canonical":"https:\/\/www.bilgrup.com\/en\/our-affiliates\/bil-yem\/","og_locale":"en_US","og_type":"article","og_title":"B\u0130L-YEM G\u0131da Sanayi - Bil-Grup","og_description":"Our factory, which was established in Ankara in 1993, produces poultry feed, cattle and ovine feeds, concentrated feeds for egg and broiler chickens, experimental animal feeds, cat and dog food. Our company, which carries out R&amp;D studies in cooperation with universities in its production, produced dog food for the first time in Turkey in 2002. [&hellip;]","og_url":"https:\/\/www.bilgrup.com\/en\/our-affiliates\/bil-yem\/","og_site_name":"Bil-Grup","article_modified_time":"2022-08-14T07:14:19+00:00","og_image":[{"url":"http:\/\/www.bilgrup.com\/en\/wp-content\/uploads\/2022\/08\/bilyem.png"}],"twitter_card":"summary_large_image","schema":{"@context":"https:\/\/schema.org","@graph":[{"@type":"WebPage","@id":"https:\/\/www.bilgrup.com\/en\/our-affiliates\/bil-yem\/","url":"https:\/\/www.bilgrup.com\/en\/our-affiliates\/bil-yem\/","name":"B\u0130L-YEM G\u0131da Sanayi - Bil-Grup","isPartOf":{"@id":"https:\/\/www.bilgrup.com\/en\/#website"},"datePublished":"2022-08-01T17:35:54+00:00","dateModified":"2022-08-14T07:14:19+00:00","breadcrumb":{"@id":"https:\/\/www.bilgrup.com\/en\/our-affiliates\/bil-yem\/#breadcrumb"},"inLanguage":"en-US","potentialAction":[{"@type":"ReadAction","target":["https:\/\/www.bilgrup.com\/en\/our-affiliates\/bil-yem\/"]}]},{"@type":"BreadcrumbList","@id":"https:\/\/www.bilgrup.com\/en\/our-affiliates\/bil-yem\/#breadcrumb","itemListElement":[{"@type":"ListItem","position":1,"name":"Ana Sayfa","item":"https:\/\/www.bilgrup.com\/en\/"},{"@type":"ListItem","position":2,"name":"Our Affiliates","item":"https:\/\/www.bilgrup.com\/en\/our-affiliates\/"},{"@type":"ListItem","position":3,"name":"B\u0130L-YEM G\u0131da Sanayi"}]},{"@type":"WebSite","@id":"https:\/\/www.bilgrup.com\/en\/#website","url":"https:\/\/www.bilgrup.com\/en\/","name":"Bil-Grup","description":"T\u00fcrkiye&#039;nin En Taze Tavuk, Civciv, B\u00fcy\u00fckba\u015f Yem ve Yem Maddeleri; Kuru ve Konserve Kedi K\u00f6pek Mamas\u0131","publisher":{"@id":"https:\/\/www.bilgrup.com\/en\/#organization"},"potentialAction":[{"@type":"SearchAction","target":{"@type":"EntryPoint","urlTemplate":"https:\/\/www.bilgrup.com\/en\/?s={search_term_string}"},"query-input":"required name=search_term_string"}],"inLanguage":"en-US"},{"@type":"Organization","@id":"https:\/\/www.bilgrup.com\/en\/#organization","name":"Bil-Grup","url":"https:\/\/www.bilgrup.com\/en\/","sameAs":[],"logo":{"@type":"ImageObject","inLanguage":"en-US","@id":"https:\/\/www.bilgrup.com\/en\/#\/schema\/logo\/image\/","url":"http:\/\/www.bilgrup.com\/en\/wp-content\/uploads\/2022\/07\/logo.png","contentUrl":"http:\/\/www.bilgrup.com\/en\/wp-content\/uploads\/2022\/07\/logo.png","width":576,"height":144,"caption":"Bil-Grup"},"image":{"@id":"https:\/\/www.bilgrup.com\/en\/#\/schema\/logo\/image\/"}}]}},"_links":{"self":[{"href":"https:\/\/www.bilgrup.com\/en\/wp-json\/wp\/v2\/pages\/40"}],"collection":[{"href":"https:\/\/www.bilgrup.com\/en\/wp-json\/wp\/v2\/pages"}],"about":[{"href":"https:\/\/www.bilgrup.com\/en\/wp-json\/wp\/v2\/types\/page"}],"author":[{"embeddable":true,"href":"https:\/\/www.bilgrup.com\/en\/wp-json\/wp\/v2\/users\/1"}],"replies":[{"embeddable":true,"href":"https:\/\/www.bilgrup.com\/en\/wp-json\/wp\/v2\/comments?post=40"}],"version-history":[{"count":4,"href":"https:\/\/www.bilgrup.com\/en\/wp-json\/wp\/v2\/pages\/40\/revisions"}],"predecessor-version":[{"id":106,"href":"https:\/\/www.bilgrup.com\/en\/wp-json\/wp\/v2\/pages\/40\/revisions\/106"}],"up":[{"embeddable":true,"href":"https:\/\/www.bilgrup.com\/en\/wp-json\/wp\/v2\/pages\/30"}],"wp:attachment":[{"href":"https:\/\/www.bilgrup.com\/en\/wp-json\/wp\/v2\/media?parent=40"}],"curies":[{"name":"wp","href":"https:\/\/api.w.org\/{rel}","templated":true}]}}