{"id":32,"date":"2022-07-30T15:56:42","date_gmt":"2022-07-30T12:56:42","guid":{"rendered":"http:\/\/www.bilgrup.com\/en\/?page_id=32"},"modified":"2022-08-12T22:04:29","modified_gmt":"2022-08-12T19:04:29","slug":"contact","status":"publish","type":"page","link":"https:\/\/www.bilgrup.com\/en\/contact\/","title":{"rendered":"Contact"},"content":{"rendered":"\n<div class=\"wp-block-contact-form-7-contact-form-selector\"><div role=\"form\" class=\"wpcf7\" id=\"wpcf7-f66-o1\" lang=\"tr-TR\" dir=\"ltr\">\n<div class=\"screen-reader-response\"><p role=\"status\" aria-live=\"polite\" aria-atomic=\"true\"><\/p> <ul><\/ul><\/div>\n<form action=\"\/en\/wp-json\/wp\/v2\/pages\/32#wpcf7-f66-o1\" method=\"post\" class=\"wpcf7-form init\" novalidate=\"novalidate\" data-status=\"init\">\n<div style=\"display: none;\">\n<input type=\"hidden\" name=\"_wpcf7\" value=\"66\" \/>\n<input type=\"hidden\" name=\"_wpcf7_version\" value=\"5.6.2\" \/>\n<input type=\"hidden\" name=\"_wpcf7_locale\" value=\"tr_TR\" \/>\n<input type=\"hidden\" name=\"_wpcf7_unit_tag\" value=\"wpcf7-f66-o1\" \/>\n<input type=\"hidden\" name=\"_wpcf7_container_post\" value=\"0\" \/>\n<input type=\"hidden\" name=\"_wpcf7_posted_data_hash\" value=\"\" \/>\n<\/div>\n<div class=\"mb-3\">\n   <span class=\"wpcf7-form-control-wrap\" data-name=\"adiniz-soyadiniz\"><input type=\"text\" name=\"adiniz-soyadiniz\" value=\"\" size=\"40\" class=\"wpcf7-form-control wpcf7-text wpcf7-validates-as-required form-control form-control-lg px-4\" aria-required=\"true\" aria-invalid=\"false\" placeholder=\"Name and Surname\" \/><\/span>\n<\/div>\n<div class=\"mb-3\">\n   <span class=\"wpcf7-form-control-wrap\" data-name=\"telefon-numaraniz\"><input type=\"tel\" name=\"telefon-numaraniz\" value=\"\" size=\"40\" class=\"wpcf7-form-control wpcf7-text wpcf7-tel wpcf7-validates-as-tel form-control form-control-lg px-4\" aria-invalid=\"false\" placeholder=\"Phone number\" \/><\/span>\n<\/div>\n<div class=\"mb-3\">\n   <span class=\"wpcf7-form-control-wrap\" data-name=\"e-posta-adresiniz\"><input type=\"text\" name=\"e-posta-adresiniz\" value=\"\" size=\"40\" class=\"wpcf7-form-control wpcf7-text wpcf7-validates-as-required form-control form-control-lg px-4\" aria-required=\"true\" aria-invalid=\"false\" placeholder=\"E-Mail Address\" \/><\/span>\n<\/div>\n<div class=\"mb-3\">\n   <span class=\"wpcf7-form-control-wrap\" data-name=\"konu\"><input type=\"text\" name=\"konu\" value=\"\" size=\"40\" class=\"wpcf7-form-control wpcf7-text wpcf7-validates-as-required form-control form-control-lg px-4\" aria-required=\"true\" aria-invalid=\"false\" placeholder=\"Subject\" \/><\/span>\n<\/div>\n<div class=\"mb-3\">\n   <span class=\"wpcf7-form-control-wrap\" data-name=\"mesajiniz\"><textarea name=\"mesajiniz\" cols=\"40\" rows=\"10\" class=\"wpcf7-form-control wpcf7-textarea wpcf7-validates-as-required form-control form-control-lg px-4\" aria-required=\"true\" aria-invalid=\"false\" placeholder=\"Your Message\"><\/textarea><\/span>\n<\/div>\n<div>\n   <input type=\"submit\" value=\"Submit\" class=\"wpcf7-form-control has-spinner wpcf7-submit btn btn-lg btn-dark\" \/>\n<\/div>\n<div class=\"wpcf7-response-output\" aria-hidden=\"true\"><\/div><\/form><\/div><\/div>\n","protected":false},"excerpt":{"rendered":"","protected":false},"author":1,"featured_media":0,"parent":0,"menu_order":0,"comment_status":"closed","ping_status":"closed","template":"template-page-iletisim.php","meta":[],"yoast_head":"<!-- This site is optimized with the Yoast SEO plugin v19.5.1 - https:\/\/yoast.com\/wordpress\/plugins\/seo\/ -->\n<title>Contact - Bil-Grup<\/title>\n<meta name=\"robots\" content=\"index, follow, max-snippet:-1, max-image-preview:large, max-video-preview:-1\" \/>\n<link rel=\"canonical\" href=\"https:\/\/www.bilgrup.com\/en\/contact\/\" \/>\n<meta property=\"og:locale\" content=\"en_US\" \/>\n<meta property=\"og:type\" content=\"article\" \/>\n<meta property=\"og:title\" content=\"Contact - Bil-Grup\" \/>\n<meta property=\"og:url\" content=\"https:\/\/www.bilgrup.com\/en\/contact\/\" \/>\n<meta property=\"og:site_name\" content=\"Bil-Grup\" \/>\n<meta property=\"article:modified_time\" content=\"2022-08-12T19:04:29+00:00\" \/>\n<meta name=\"twitter:card\" content=\"summary_large_image\" \/>\n<script type=\"application\/ld+json\" class=\"yoast-schema-graph\">{\"@context\":\"https:\/\/schema.org\",\"@graph\":[{\"@type\":\"WebPage\",\"@id\":\"https:\/\/www.bilgrup.com\/en\/contact\/\",\"url\":\"https:\/\/www.bilgrup.com\/en\/contact\/\",\"name\":\"Contact - Bil-Grup\",\"isPartOf\":{\"@id\":\"https:\/\/www.bilgrup.com\/en\/#website\"},\"datePublished\":\"2022-07-30T12:56:42+00:00\",\"dateModified\":\"2022-08-12T19:04:29+00:00\",\"breadcrumb\":{\"@id\":\"https:\/\/www.bilgrup.com\/en\/contact\/#breadcrumb\"},\"inLanguage\":\"en-US\",\"potentialAction\":[{\"@type\":\"ReadAction\",\"target\":[\"https:\/\/www.bilgrup.com\/en\/contact\/\"]}]},{\"@type\":\"BreadcrumbList\",\"@id\":\"https:\/\/www.bilgrup.com\/en\/contact\/#breadcrumb\",\"itemListElement\":[{\"@type\":\"ListItem\",\"position\":1,\"name\":\"Ana Sayfa\",\"item\":\"https:\/\/www.bilgrup.com\/en\/\"},{\"@type\":\"ListItem\",\"position\":2,\"name\":\"Contact\"}]},{\"@type\":\"WebSite\",\"@id\":\"https:\/\/www.bilgrup.com\/en\/#website\",\"url\":\"https:\/\/www.bilgrup.com\/en\/\",\"name\":\"Bil-Grup\",\"description\":\"T\u00fcrkiye&#039;nin En Taze Tavuk, Civciv, B\u00fcy\u00fckba\u015f Yem ve Yem Maddeleri; Kuru ve Konserve Kedi K\u00f6pek Mamas\u0131\",\"publisher\":{\"@id\":\"https:\/\/www.bilgrup.com\/en\/#organization\"},\"potentialAction\":[{\"@type\":\"SearchAction\",\"target\":{\"@type\":\"EntryPoint\",\"urlTemplate\":\"https:\/\/www.bilgrup.com\/en\/?s={search_term_string}\"},\"query-input\":\"required name=search_term_string\"}],\"inLanguage\":\"en-US\"},{\"@type\":\"Organization\",\"@id\":\"https:\/\/www.bilgrup.com\/en\/#organization\",\"name\":\"Bil-Grup\",\"url\":\"https:\/\/www.bilgrup.com\/en\/\",\"sameAs\":[],\"logo\":{\"@type\":\"ImageObject\",\"inLanguage\":\"en-US\",\"@id\":\"https:\/\/www.bilgrup.com\/en\/#\/schema\/logo\/image\/\",\"url\":\"http:\/\/www.bilgrup.com\/en\/wp-content\/uploads\/2022\/07\/logo.png\",\"contentUrl\":\"http:\/\/www.bilgrup.com\/en\/wp-content\/uploads\/2022\/07\/logo.png\",\"width\":576,\"height\":144,\"caption\":\"Bil-Grup\"},\"image\":{\"@id\":\"https:\/\/www.bilgrup.com\/en\/#\/schema\/logo\/image\/\"}}]}<\/script>\n<!-- \/ Yoast SEO plugin. -->","yoast_head_json":{"title":"Contact - Bil-Grup","robots":{"index":"index","follow":"follow","max-snippet":"max-snippet:-1","max-image-preview":"max-image-preview:large","max-video-preview":"max-video-preview:-1"},"canonical":"https:\/\/www.bilgrup.com\/en\/contact\/","og_locale":"en_US","og_type":"article","og_title":"Contact - Bil-Grup","og_url":"https:\/\/www.bilgrup.com\/en\/contact\/","og_site_name":"Bil-Grup","article_modified_time":"2022-08-12T19:04:29+00:00","twitter_card":"summary_large_image","schema":{"@context":"https:\/\/schema.org","@graph":[{"@type":"WebPage","@id":"https:\/\/www.bilgrup.com\/en\/contact\/","url":"https:\/\/www.bilgrup.com\/en\/contact\/","name":"Contact - Bil-Grup","isPartOf":{"@id":"https:\/\/www.bilgrup.com\/en\/#website"},"datePublished":"2022-07-30T12:56:42+00:00","dateModified":"2022-08-12T19:04:29+00:00","breadcrumb":{"@id":"https:\/\/www.bilgrup.com\/en\/contact\/#breadcrumb"},"inLanguage":"en-US","potentialAction":[{"@type":"ReadAction","target":["https:\/\/www.bilgrup.com\/en\/contact\/"]}]},{"@type":"BreadcrumbList","@id":"https:\/\/www.bilgrup.com\/en\/contact\/#breadcrumb","itemListElement":[{"@type":"ListItem","position":1,"name":"Ana Sayfa","item":"https:\/\/www.bilgrup.com\/en\/"},{"@type":"ListItem","position":2,"name":"Contact"}]},{"@type":"WebSite","@id":"https:\/\/www.bilgrup.com\/en\/#website","url":"https:\/\/www.bilgrup.com\/en\/","name":"Bil-Grup","description":"T\u00fcrkiye&#039;nin En Taze Tavuk, Civciv, B\u00fcy\u00fckba\u015f Yem ve Yem Maddeleri; Kuru ve Konserve Kedi K\u00f6pek Mamas\u0131","publisher":{"@id":"https:\/\/www.bilgrup.com\/en\/#organization"},"potentialAction":[{"@type":"SearchAction","target":{"@type":"EntryPoint","urlTemplate":"https:\/\/www.bilgrup.com\/en\/?s={search_term_string}"},"query-input":"required name=search_term_string"}],"inLanguage":"en-US"},{"@type":"Organization","@id":"https:\/\/www.bilgrup.com\/en\/#organization","name":"Bil-Grup","url":"https:\/\/www.bilgrup.com\/en\/","sameAs":[],"logo":{"@type":"ImageObject","inLanguage":"en-US","@id":"https:\/\/www.bilgrup.com\/en\/#\/schema\/logo\/image\/","url":"http:\/\/www.bilgrup.com\/en\/wp-content\/uploads\/2022\/07\/logo.png","contentUrl":"http:\/\/www.bilgrup.com\/en\/wp-content\/uploads\/2022\/07\/logo.png","width":576,"height":144,"caption":"Bil-Grup"},"image":{"@id":"https:\/\/www.bilgrup.com\/en\/#\/schema\/logo\/image\/"}}]}},"_links":{"self":[{"href":"https:\/\/www.bilgrup.com\/en\/wp-json\/wp\/v2\/pages\/32"}],"collection":[{"href":"https:\/\/www.bilgrup.com\/en\/wp-json\/wp\/v2\/pages"}],"about":[{"href":"https:\/\/www.bilgrup.com\/en\/wp-json\/wp\/v2\/types\/page"}],"author":[{"embeddable":true,"href":"https:\/\/www.bilgrup.com\/en\/wp-json\/wp\/v2\/users\/1"}],"replies":[{"embeddable":true,"href":"https:\/\/www.bilgrup.com\/en\/wp-json\/wp\/v2\/comments?post=32"}],"version-history":[{"count":3,"href":"https:\/\/www.bilgrup.com\/en\/wp-json\/wp\/v2\/pages\/32\/revisions"}],"predecessor-version":[{"id":102,"href":"https:\/\/www.bilgrup.com\/en\/wp-json\/wp\/v2\/pages\/32\/revisions\/102"}],"wp:attachment":[{"href":"https:\/\/www.bilgrup.com\/en\/wp-json\/wp\/v2\/media?parent=32"}],"curies":[{"name":"wp","href":"https:\/\/api.w.org\/{rel}","templated":true}]}}