{"id":30,"date":"2022-07-30T15:37:45","date_gmt":"2022-07-30T12:37:45","guid":{"rendered":"http:\/\/www.bilgrup.com\/en\/?page_id=30"},"modified":"2022-08-12T21:57:03","modified_gmt":"2022-08-12T18:57:03","slug":"our-affiliates","status":"publish","type":"page","link":"https:\/\/www.bilgrup.com\/en\/our-affiliates\/","title":{"rendered":"Our Affiliates"},"content":{"rendered":"","protected":false},"excerpt":{"rendered":"","protected":false},"author":1,"featured_media":0,"parent":0,"menu_order":0,"comment_status":"closed","ping_status":"closed","template":"template-page-istiraklerimiz.php","meta":[],"yoast_head":"<!-- This site is optimized with the Yoast SEO plugin v19.5.1 - https:\/\/yoast.com\/wordpress\/plugins\/seo\/ -->\n<title>Our Affiliates - Bil-Grup<\/title>\n<meta name=\"robots\" content=\"index, follow, max-snippet:-1, max-image-preview:large, max-video-preview:-1\" \/>\n<link rel=\"canonical\" href=\"https:\/\/www.bilgrup.com\/en\/our-affiliates\/\" \/>\n<meta property=\"og:locale\" content=\"en_US\" \/>\n<meta property=\"og:type\" content=\"article\" \/>\n<meta property=\"og:title\" content=\"Our Affiliates - Bil-Grup\" \/>\n<meta property=\"og:url\" content=\"https:\/\/www.bilgrup.com\/en\/our-affiliates\/\" \/>\n<meta property=\"og:site_name\" content=\"Bil-Grup\" \/>\n<meta property=\"article:modified_time\" content=\"2022-08-12T18:57:03+00:00\" \/>\n<meta name=\"twitter:card\" content=\"summary_large_image\" \/>\n<script type=\"application\/ld+json\" class=\"yoast-schema-graph\">{\"@context\":\"https:\/\/schema.org\",\"@graph\":[{\"@type\":\"WebPage\",\"@id\":\"https:\/\/www.bilgrup.com\/en\/our-affiliates\/\",\"url\":\"https:\/\/www.bilgrup.com\/en\/our-affiliates\/\",\"name\":\"Our Affiliates - Bil-Grup\",\"isPartOf\":{\"@id\":\"https:\/\/www.bilgrup.com\/en\/#website\"},\"datePublished\":\"2022-07-30T12:37:45+00:00\",\"dateModified\":\"2022-08-12T18:57:03+00:00\",\"breadcrumb\":{\"@id\":\"https:\/\/www.bilgrup.com\/en\/our-affiliates\/#breadcrumb\"},\"inLanguage\":\"en-US\",\"potentialAction\":[{\"@type\":\"ReadAction\",\"target\":[\"https:\/\/www.bilgrup.com\/en\/our-affiliates\/\"]}]},{\"@type\":\"BreadcrumbList\",\"@id\":\"https:\/\/www.bilgrup.com\/en\/our-affiliates\/#breadcrumb\",\"itemListElement\":[{\"@type\":\"ListItem\",\"position\":1,\"name\":\"Ana Sayfa\",\"item\":\"https:\/\/www.bilgrup.com\/en\/\"},{\"@type\":\"ListItem\",\"position\":2,\"name\":\"Our Affiliates\"}]},{\"@type\":\"WebSite\",\"@id\":\"https:\/\/www.bilgrup.com\/en\/#website\",\"url\":\"https:\/\/www.bilgrup.com\/en\/\",\"name\":\"Bil-Grup\",\"description\":\"T\u00fcrkiye&#039;nin En Taze Tavuk, Civciv, B\u00fcy\u00fckba\u015f Yem ve Yem Maddeleri; Kuru ve Konserve Kedi K\u00f6pek Mamas\u0131\",\"publisher\":{\"@id\":\"https:\/\/www.bilgrup.com\/en\/#organization\"},\"potentialAction\":[{\"@type\":\"SearchAction\",\"target\":{\"@type\":\"EntryPoint\",\"urlTemplate\":\"https:\/\/www.bilgrup.com\/en\/?s={search_term_string}\"},\"query-input\":\"required name=search_term_string\"}],\"inLanguage\":\"en-US\"},{\"@type\":\"Organization\",\"@id\":\"https:\/\/www.bilgrup.com\/en\/#organization\",\"name\":\"Bil-Grup\",\"url\":\"https:\/\/www.bilgrup.com\/en\/\",\"sameAs\":[],\"logo\":{\"@type\":\"ImageObject\",\"inLanguage\":\"en-US\",\"@id\":\"https:\/\/www.bilgrup.com\/en\/#\/schema\/logo\/image\/\",\"url\":\"http:\/\/www.bilgrup.com\/en\/wp-content\/uploads\/2022\/07\/logo.png\",\"contentUrl\":\"http:\/\/www.bilgrup.com\/en\/wp-content\/uploads\/2022\/07\/logo.png\",\"width\":576,\"height\":144,\"caption\":\"Bil-Grup\"},\"image\":{\"@id\":\"https:\/\/www.bilgrup.com\/en\/#\/schema\/logo\/image\/\"}}]}<\/script>\n<!-- \/ Yoast SEO plugin. -->","yoast_head_json":{"title":"Our Affiliates - Bil-Grup","robots":{"index":"index","follow":"follow","max-snippet":"max-snippet:-1","max-image-preview":"max-image-preview:large","max-video-preview":"max-video-preview:-1"},"canonical":"https:\/\/www.bilgrup.com\/en\/our-affiliates\/","og_locale":"en_US","og_type":"article","og_title":"Our Affiliates - Bil-Grup","og_url":"https:\/\/www.bilgrup.com\/en\/our-affiliates\/","og_site_name":"Bil-Grup","article_modified_time":"2022-08-12T18:57:03+00:00","twitter_card":"summary_large_image","schema":{"@context":"https:\/\/schema.org","@graph":[{"@type":"WebPage","@id":"https:\/\/www.bilgrup.com\/en\/our-affiliates\/","url":"https:\/\/www.bilgrup.com\/en\/our-affiliates\/","name":"Our Affiliates - Bil-Grup","isPartOf":{"@id":"https:\/\/www.bilgrup.com\/en\/#website"},"datePublished":"2022-07-30T12:37:45+00:00","dateModified":"2022-08-12T18:57:03+00:00","breadcrumb":{"@id":"https:\/\/www.bilgrup.com\/en\/our-affiliates\/#breadcrumb"},"inLanguage":"en-US","potentialAction":[{"@type":"ReadAction","target":["https:\/\/www.bilgrup.com\/en\/our-affiliates\/"]}]},{"@type":"BreadcrumbList","@id":"https:\/\/www.bilgrup.com\/en\/our-affiliates\/#breadcrumb","itemListElement":[{"@type":"ListItem","position":1,"name":"Ana Sayfa","item":"https:\/\/www.bilgrup.com\/en\/"},{"@type":"ListItem","position":2,"name":"Our Affiliates"}]},{"@type":"WebSite","@id":"https:\/\/www.bilgrup.com\/en\/#website","url":"https:\/\/www.bilgrup.com\/en\/","name":"Bil-Grup","description":"T\u00fcrkiye&#039;nin En Taze Tavuk, Civciv, B\u00fcy\u00fckba\u015f Yem ve Yem Maddeleri; Kuru ve Konserve Kedi K\u00f6pek Mamas\u0131","publisher":{"@id":"https:\/\/www.bilgrup.com\/en\/#organization"},"potentialAction":[{"@type":"SearchAction","target":{"@type":"EntryPoint","urlTemplate":"https:\/\/www.bilgrup.com\/en\/?s={search_term_string}"},"query-input":"required name=search_term_string"}],"inLanguage":"en-US"},{"@type":"Organization","@id":"https:\/\/www.bilgrup.com\/en\/#organization","name":"Bil-Grup","url":"https:\/\/www.bilgrup.com\/en\/","sameAs":[],"logo":{"@type":"ImageObject","inLanguage":"en-US","@id":"https:\/\/www.bilgrup.com\/en\/#\/schema\/logo\/image\/","url":"http:\/\/www.bilgrup.com\/en\/wp-content\/uploads\/2022\/07\/logo.png","contentUrl":"http:\/\/www.bilgrup.com\/en\/wp-content\/uploads\/2022\/07\/logo.png","width":576,"height":144,"caption":"Bil-Grup"},"image":{"@id":"https:\/\/www.bilgrup.com\/en\/#\/schema\/logo\/image\/"}}]}},"_links":{"self":[{"href":"https:\/\/www.bilgrup.com\/en\/wp-json\/wp\/v2\/pages\/30"}],"collection":[{"href":"https:\/\/www.bilgrup.com\/en\/wp-json\/wp\/v2\/pages"}],"about":[{"href":"https:\/\/www.bilgrup.com\/en\/wp-json\/wp\/v2\/types\/page"}],"author":[{"embeddable":true,"href":"https:\/\/www.bilgrup.com\/en\/wp-json\/wp\/v2\/users\/1"}],"replies":[{"embeddable":true,"href":"https:\/\/www.bilgrup.com\/en\/wp-json\/wp\/v2\/comments?post=30"}],"version-history":[{"count":2,"href":"https:\/\/www.bilgrup.com\/en\/wp-json\/wp\/v2\/pages\/30\/revisions"}],"predecessor-version":[{"id":100,"href":"https:\/\/www.bilgrup.com\/en\/wp-json\/wp\/v2\/pages\/30\/revisions\/100"}],"wp:attachment":[{"href":"https:\/\/www.bilgrup.com\/en\/wp-json\/wp\/v2\/media?parent=30"}],"curies":[{"name":"wp","href":"https:\/\/api.w.org\/{rel}","templated":true}]}}