{"id":27,"date":"2022-07-30T15:34:24","date_gmt":"2022-07-30T12:34:24","guid":{"rendered":"http:\/\/www.bilgrup.com\/en\/?page_id=27"},"modified":"2022-08-12T21:59:59","modified_gmt":"2022-08-12T18:59:59","slug":"about","status":"publish","type":"page","link":"https:\/\/www.bilgrup.com\/en\/about\/","title":{"rendered":"About"},"content":{"rendered":"\n<p class=\"has-medium-font-size\"><strong>Bil-Grup<\/strong> took its first steps under the leadership of <strong>Ibrahim Ozturk<\/strong> with Bil-Tav Pharmaceutical Warehouse in 1988. Mr. Ozturk continued his investments with Bil-Yem, which was established in 1993 in the field of animal nutrition, Bil-Pa, which meets the monthly needs of 1000 tons of chicken and chicken varieties in Ankara and its surroundings, Bil-Eks, which carries out foreign investments and projects and the last member of the group Bil-Kem Chemical Mineral Industry company that produce feed additives and premixes (liquid and powder).<\/p>\n\n\n\n<div style=\"height:32px\" aria-hidden=\"true\" class=\"wp-block-spacer\"><\/div>\n\n\n\n<figure class=\"wp-block-image size-large is-style-default\"><img loading=\"lazy\" width=\"1024\" height=\"683\" src=\"https:\/\/www.bilgrup.com\/en\/wp-content\/uploads\/2022\/08\/Ibrahim-ozturk-Meclis-Baskani-1024x683.jpg\" alt=\"\u0130brahim \u00d6zt\u00fcrk\" class=\"wp-image-90\" srcset=\"https:\/\/www.bilgrup.com\/en\/wp-content\/uploads\/2022\/08\/Ibrahim-ozturk-Meclis-Baskani-1024x683.jpg 1024w, https:\/\/www.bilgrup.com\/en\/wp-content\/uploads\/2022\/08\/Ibrahim-ozturk-Meclis-Baskani-300x200.jpg 300w, https:\/\/www.bilgrup.com\/en\/wp-content\/uploads\/2022\/08\/Ibrahim-ozturk-Meclis-Baskani-768x512.jpg 768w, https:\/\/www.bilgrup.com\/en\/wp-content\/uploads\/2022\/08\/Ibrahim-ozturk-Meclis-Baskani-1536x1024.jpg 1536w, https:\/\/www.bilgrup.com\/en\/wp-content\/uploads\/2022\/08\/Ibrahim-ozturk-Meclis-Baskani-2048x1365.jpg 2048w\" sizes=\"(max-width: 1024px) 100vw, 1024px\" \/><figcaption>\u0130brahim \u00d6zt\u00fcrk<\/figcaption><\/figure>\n","protected":false},"excerpt":{"rendered":"<p>Bil-Grup took its first steps under the leadership of Ibrahim Ozturk with Bil-Tav Pharmaceutical Warehouse in 1988. Mr. Ozturk continued his investments with Bil-Yem, which was established in 1993 in the field of animal nutrition, Bil-Pa, which meets the monthly needs of 1000 tons of chicken and chicken varieties in Ankara and its surroundings, Bil-Eks, [&hellip;]<\/p>\n","protected":false},"author":1,"featured_media":0,"parent":0,"menu_order":0,"comment_status":"closed","ping_status":"closed","template":"template-page-kurumsal.php","meta":[],"yoast_head":"<!-- This site is optimized with the Yoast SEO plugin v19.5.1 - https:\/\/yoast.com\/wordpress\/plugins\/seo\/ -->\n<title>About - Bil-Grup<\/title>\n<meta name=\"robots\" content=\"index, follow, max-snippet:-1, max-image-preview:large, max-video-preview:-1\" \/>\n<link rel=\"canonical\" href=\"https:\/\/www.bilgrup.com\/en\/about\/\" \/>\n<meta property=\"og:locale\" content=\"en_US\" \/>\n<meta property=\"og:type\" content=\"article\" \/>\n<meta property=\"og:title\" content=\"About - Bil-Grup\" \/>\n<meta property=\"og:description\" content=\"Bil-Grup took its first steps under the leadership of Ibrahim Ozturk with Bil-Tav Pharmaceutical Warehouse in 1988. Mr. Ozturk continued his investments with Bil-Yem, which was established in 1993 in the field of animal nutrition, Bil-Pa, which meets the monthly needs of 1000 tons of chicken and chicken varieties in Ankara and its surroundings, Bil-Eks, [&hellip;]\" \/>\n<meta property=\"og:url\" content=\"https:\/\/www.bilgrup.com\/en\/about\/\" \/>\n<meta property=\"og:site_name\" content=\"Bil-Grup\" \/>\n<meta property=\"article:modified_time\" content=\"2022-08-12T18:59:59+00:00\" \/>\n<meta property=\"og:image\" content=\"http:\/\/www.bilgrup.com\/en\/wp-content\/uploads\/2022\/08\/Ibrahim-ozturk-Meclis-Baskani-1024x683.jpg\" \/>\n<meta name=\"twitter:card\" content=\"summary_large_image\" \/>\n<script type=\"application\/ld+json\" class=\"yoast-schema-graph\">{\"@context\":\"https:\/\/schema.org\",\"@graph\":[{\"@type\":\"WebPage\",\"@id\":\"https:\/\/www.bilgrup.com\/en\/about\/\",\"url\":\"https:\/\/www.bilgrup.com\/en\/about\/\",\"name\":\"About - Bil-Grup\",\"isPartOf\":{\"@id\":\"https:\/\/www.bilgrup.com\/en\/#website\"},\"datePublished\":\"2022-07-30T12:34:24+00:00\",\"dateModified\":\"2022-08-12T18:59:59+00:00\",\"breadcrumb\":{\"@id\":\"https:\/\/www.bilgrup.com\/en\/about\/#breadcrumb\"},\"inLanguage\":\"en-US\",\"potentialAction\":[{\"@type\":\"ReadAction\",\"target\":[\"https:\/\/www.bilgrup.com\/en\/about\/\"]}]},{\"@type\":\"BreadcrumbList\",\"@id\":\"https:\/\/www.bilgrup.com\/en\/about\/#breadcrumb\",\"itemListElement\":[{\"@type\":\"ListItem\",\"position\":1,\"name\":\"Ana Sayfa\",\"item\":\"https:\/\/www.bilgrup.com\/en\/\"},{\"@type\":\"ListItem\",\"position\":2,\"name\":\"About\"}]},{\"@type\":\"WebSite\",\"@id\":\"https:\/\/www.bilgrup.com\/en\/#website\",\"url\":\"https:\/\/www.bilgrup.com\/en\/\",\"name\":\"Bil-Grup\",\"description\":\"T\u00fcrkiye&#039;nin En Taze Tavuk, Civciv, B\u00fcy\u00fckba\u015f Yem ve Yem Maddeleri; Kuru ve Konserve Kedi K\u00f6pek Mamas\u0131\",\"publisher\":{\"@id\":\"https:\/\/www.bilgrup.com\/en\/#organization\"},\"potentialAction\":[{\"@type\":\"SearchAction\",\"target\":{\"@type\":\"EntryPoint\",\"urlTemplate\":\"https:\/\/www.bilgrup.com\/en\/?s={search_term_string}\"},\"query-input\":\"required name=search_term_string\"}],\"inLanguage\":\"en-US\"},{\"@type\":\"Organization\",\"@id\":\"https:\/\/www.bilgrup.com\/en\/#organization\",\"name\":\"Bil-Grup\",\"url\":\"https:\/\/www.bilgrup.com\/en\/\",\"sameAs\":[],\"logo\":{\"@type\":\"ImageObject\",\"inLanguage\":\"en-US\",\"@id\":\"https:\/\/www.bilgrup.com\/en\/#\/schema\/logo\/image\/\",\"url\":\"http:\/\/www.bilgrup.com\/en\/wp-content\/uploads\/2022\/07\/logo.png\",\"contentUrl\":\"http:\/\/www.bilgrup.com\/en\/wp-content\/uploads\/2022\/07\/logo.png\",\"width\":576,\"height\":144,\"caption\":\"Bil-Grup\"},\"image\":{\"@id\":\"https:\/\/www.bilgrup.com\/en\/#\/schema\/logo\/image\/\"}}]}<\/script>\n<!-- \/ Yoast SEO plugin. -->","yoast_head_json":{"title":"About - Bil-Grup","robots":{"index":"index","follow":"follow","max-snippet":"max-snippet:-1","max-image-preview":"max-image-preview:large","max-video-preview":"max-video-preview:-1"},"canonical":"https:\/\/www.bilgrup.com\/en\/about\/","og_locale":"en_US","og_type":"article","og_title":"About - Bil-Grup","og_description":"Bil-Grup took its first steps under the leadership of Ibrahim Ozturk with Bil-Tav Pharmaceutical Warehouse in 1988. Mr. Ozturk continued his investments with Bil-Yem, which was established in 1993 in the field of animal nutrition, Bil-Pa, which meets the monthly needs of 1000 tons of chicken and chicken varieties in Ankara and its surroundings, Bil-Eks, [&hellip;]","og_url":"https:\/\/www.bilgrup.com\/en\/about\/","og_site_name":"Bil-Grup","article_modified_time":"2022-08-12T18:59:59+00:00","og_image":[{"url":"http:\/\/www.bilgrup.com\/en\/wp-content\/uploads\/2022\/08\/Ibrahim-ozturk-Meclis-Baskani-1024x683.jpg"}],"twitter_card":"summary_large_image","schema":{"@context":"https:\/\/schema.org","@graph":[{"@type":"WebPage","@id":"https:\/\/www.bilgrup.com\/en\/about\/","url":"https:\/\/www.bilgrup.com\/en\/about\/","name":"About - Bil-Grup","isPartOf":{"@id":"https:\/\/www.bilgrup.com\/en\/#website"},"datePublished":"2022-07-30T12:34:24+00:00","dateModified":"2022-08-12T18:59:59+00:00","breadcrumb":{"@id":"https:\/\/www.bilgrup.com\/en\/about\/#breadcrumb"},"inLanguage":"en-US","potentialAction":[{"@type":"ReadAction","target":["https:\/\/www.bilgrup.com\/en\/about\/"]}]},{"@type":"BreadcrumbList","@id":"https:\/\/www.bilgrup.com\/en\/about\/#breadcrumb","itemListElement":[{"@type":"ListItem","position":1,"name":"Ana Sayfa","item":"https:\/\/www.bilgrup.com\/en\/"},{"@type":"ListItem","position":2,"name":"About"}]},{"@type":"WebSite","@id":"https:\/\/www.bilgrup.com\/en\/#website","url":"https:\/\/www.bilgrup.com\/en\/","name":"Bil-Grup","description":"T\u00fcrkiye&#039;nin En Taze Tavuk, Civciv, B\u00fcy\u00fckba\u015f Yem ve Yem Maddeleri; Kuru ve Konserve Kedi K\u00f6pek Mamas\u0131","publisher":{"@id":"https:\/\/www.bilgrup.com\/en\/#organization"},"potentialAction":[{"@type":"SearchAction","target":{"@type":"EntryPoint","urlTemplate":"https:\/\/www.bilgrup.com\/en\/?s={search_term_string}"},"query-input":"required name=search_term_string"}],"inLanguage":"en-US"},{"@type":"Organization","@id":"https:\/\/www.bilgrup.com\/en\/#organization","name":"Bil-Grup","url":"https:\/\/www.bilgrup.com\/en\/","sameAs":[],"logo":{"@type":"ImageObject","inLanguage":"en-US","@id":"https:\/\/www.bilgrup.com\/en\/#\/schema\/logo\/image\/","url":"http:\/\/www.bilgrup.com\/en\/wp-content\/uploads\/2022\/07\/logo.png","contentUrl":"http:\/\/www.bilgrup.com\/en\/wp-content\/uploads\/2022\/07\/logo.png","width":576,"height":144,"caption":"Bil-Grup"},"image":{"@id":"https:\/\/www.bilgrup.com\/en\/#\/schema\/logo\/image\/"}}]}},"_links":{"self":[{"href":"https:\/\/www.bilgrup.com\/en\/wp-json\/wp\/v2\/pages\/27"}],"collection":[{"href":"https:\/\/www.bilgrup.com\/en\/wp-json\/wp\/v2\/pages"}],"about":[{"href":"https:\/\/www.bilgrup.com\/en\/wp-json\/wp\/v2\/types\/page"}],"author":[{"embeddable":true,"href":"https:\/\/www.bilgrup.com\/en\/wp-json\/wp\/v2\/users\/1"}],"replies":[{"embeddable":true,"href":"https:\/\/www.bilgrup.com\/en\/wp-json\/wp\/v2\/comments?post=27"}],"version-history":[{"count":21,"href":"https:\/\/www.bilgrup.com\/en\/wp-json\/wp\/v2\/pages\/27\/revisions"}],"predecessor-version":[{"id":101,"href":"https:\/\/www.bilgrup.com\/en\/wp-json\/wp\/v2\/pages\/27\/revisions\/101"}],"wp:attachment":[{"href":"https:\/\/www.bilgrup.com\/en\/wp-json\/wp\/v2\/media?parent=27"}],"curies":[{"name":"wp","href":"https:\/\/api.w.org\/{rel}","templated":true}]}}